{"id":609,"date":"2023-02-09T13:58:44","date_gmt":"2023-02-09T10:58:44","guid":{"rendered":"https:\/\/www.iletisimofisi.com\/?page_id=609"},"modified":"2023-02-16T14:51:30","modified_gmt":"2023-02-16T11:51:30","slug":"is-ortaklarimiz","status":"publish","type":"page","link":"https:\/\/www.iletisimofisi.com\/en\/is-ortaklarimiz\/","title":{"rendered":"\u0130\u015f"},"content":{"rendered":"<p class=\"qtranxs-available-languages-message qtranxs-available-languages-message-en\">Sorry, this entry is only available in <a href=\"https:\/\/www.iletisimofisi.com\/tr\/wp-json\/wp\/v2\/pages\/609\" class=\"qtranxs-available-language-link qtranxs-available-language-link-tr\" title=\"Turkish\">Turkish<\/a>. For the sake of viewer convenience, the content is shown below in the alternative language. You may click the link to switch the active language.<\/p><p><a href=\"http:\/\/www.iletisimofisi.com\/wp-content\/uploads\/2019\/02\/bigbabol-_logo.jpg\"><img decoding=\"async\" loading=\"lazy\" class=\"alignnone size-medium wp-image-458\" src=\"http:\/\/www.iletisimofisi.com\/wp-content\/uploads\/2019\/02\/bigbabol-_logo-300x300.jpg\" alt=\"\" width=\"300\" height=\"300\" srcset=\"https:\/\/www.iletisimofisi.com\/wp-content\/uploads\/2019\/02\/bigbabol-_logo-300x300.jpg 300w, https:\/\/www.iletisimofisi.com\/wp-content\/uploads\/2019\/02\/bigbabol-_logo-150x150.jpg 150w, https:\/\/www.iletisimofisi.com\/wp-content\/uploads\/2019\/02\/bigbabol-_logo.jpg 500w\" sizes=\"(max-width: 300px) 100vw, 300px\" \/><\/a> <a href=\"http:\/\/www.iletisimofisi.com\/wp-content\/uploads\/2019\/02\/mentos_logo.jpg\"><img decoding=\"async\" loading=\"lazy\" class=\"alignnone size-medium wp-image-460\" src=\"http:\/\/www.iletisimofisi.com\/wp-content\/uploads\/2019\/02\/mentos_logo-300x300.jpg\" alt=\"\" width=\"300\" height=\"300\" srcset=\"https:\/\/www.iletisimofisi.com\/wp-content\/uploads\/2019\/02\/mentos_logo-300x300.jpg 300w, https:\/\/www.iletisimofisi.com\/wp-content\/uploads\/2019\/02\/mentos_logo-150x150.jpg 150w, https:\/\/www.iletisimofisi.com\/wp-content\/uploads\/2019\/02\/mentos_logo.jpg 500w\" sizes=\"(max-width: 300px) 100vw, 300px\" \/><\/a> <a href=\"http:\/\/www.iletisimofisi.com\/wp-content\/uploads\/2019\/02\/vivident_logo.jpg\"><img decoding=\"async\" loading=\"lazy\" class=\"alignnone size-medium wp-image-463\" src=\"http:\/\/www.iletisimofisi.com\/wp-content\/uploads\/2019\/02\/vivident_logo-300x300.jpg\" alt=\"\" width=\"300\" height=\"300\" srcset=\"https:\/\/www.iletisimofisi.com\/wp-content\/uploads\/2019\/02\/vivident_logo-300x300.jpg 300w, https:\/\/www.iletisimofisi.com\/wp-content\/uploads\/2019\/02\/vivident_logo-150x150.jpg 150w, https:\/\/www.iletisimofisi.com\/wp-content\/uploads\/2019\/02\/vivident_logo.jpg 500w\" sizes=\"(max-width: 300px) 100vw, 300px\" \/><\/a> <a href=\"http:\/\/www.iletisimofisi.com\/wp-content\/uploads\/2019\/02\/perfetti_logo.jpg\"><img decoding=\"async\" loading=\"lazy\" class=\"alignnone size-medium wp-image-466\" src=\"http:\/\/www.iletisimofisi.com\/wp-content\/uploads\/2019\/02\/perfetti_logo-300x300.jpg\" alt=\"\" width=\"300\" height=\"300\" srcset=\"https:\/\/www.iletisimofisi.com\/wp-content\/uploads\/2019\/02\/perfetti_logo-300x300.jpg 300w, https:\/\/www.iletisimofisi.com\/wp-content\/uploads\/2019\/02\/perfetti_logo-150x150.jpg 150w, https:\/\/www.iletisimofisi.com\/wp-content\/uploads\/2019\/02\/perfetti_logo.jpg 500w\" sizes=\"(max-width: 300px) 100vw, 300px\" \/><\/a> <a href=\"http:\/\/www.iletisimofisi.com\/wp-content\/uploads\/2019\/02\/chupachups_logo.jpg\"><img decoding=\"async\" loading=\"lazy\" class=\"alignnone size-medium wp-image-454\" src=\"http:\/\/www.iletisimofisi.com\/wp-content\/uploads\/2019\/02\/chupachups_logo-300x300.jpg\" alt=\"\" width=\"300\" height=\"300\" srcset=\"https:\/\/www.iletisimofisi.com\/wp-content\/uploads\/2019\/02\/chupachups_logo-300x300.jpg 300w, https:\/\/www.iletisimofisi.com\/wp-content\/uploads\/2019\/02\/chupachups_logo-150x150.jpg 150w, https:\/\/www.iletisimofisi.com\/wp-content\/uploads\/2019\/02\/chupachups_logo.jpg 500w\" sizes=\"(max-width: 300px) 100vw, 300px\" \/><\/a> <a href=\"http:\/\/www.iletisimofisi.com\/wp-content\/uploads\/2018\/10\/merck-logo.jpg\"><img decoding=\"async\" loading=\"lazy\" class=\"alignnone size-medium wp-image-325\" src=\"http:\/\/www.iletisimofisi.com\/wp-content\/uploads\/2018\/10\/merck-logo-300x300.jpg\" alt=\"\" width=\"300\" height=\"300\" srcset=\"https:\/\/www.iletisimofisi.com\/wp-content\/uploads\/2018\/10\/merck-logo-300x300.jpg 300w, https:\/\/www.iletisimofisi.com\/wp-content\/uploads\/2018\/10\/merck-logo-150x150.jpg 150w, https:\/\/www.iletisimofisi.com\/wp-content\/uploads\/2018\/10\/merck-logo.jpg 500w\" sizes=\"(max-width: 300px) 100vw, 300px\" \/><\/a> <a href=\"http:\/\/www.iletisimofisi.com\/wp-content\/uploads\/2017\/09\/\u00dcsk\u00fcdar-\u00dcniversitesi-logo-ref.jpg\"><img decoding=\"async\" loading=\"lazy\" class=\"alignnone size-medium wp-image-138\" src=\"http:\/\/www.iletisimofisi.com\/wp-content\/uploads\/2017\/09\/\u00dcsk\u00fcdar-\u00dcniversitesi-logo-ref-300x300.jpg\" alt=\"\" width=\"300\" height=\"300\" srcset=\"https:\/\/www.iletisimofisi.com\/wp-content\/uploads\/2017\/09\/\u00dcsk\u00fcdar-\u00dcniversitesi-logo-ref-300x300.jpg 300w, https:\/\/www.iletisimofisi.com\/wp-content\/uploads\/2017\/09\/\u00dcsk\u00fcdar-\u00dcniversitesi-logo-ref-150x150.jpg 150w, https:\/\/www.iletisimofisi.com\/wp-content\/uploads\/2017\/09\/\u00dcsk\u00fcdar-\u00dcniversitesi-logo-ref.jpg 500w\" sizes=\"(max-width: 300px) 100vw, 300px\" \/><\/a> <a href=\"http:\/\/www.iletisimofisi.com\/wp-content\/uploads\/2017\/09\/np-beyin-hastanesi-ref-logo.jpg\"><img decoding=\"async\" loading=\"lazy\" class=\"alignnone size-medium wp-image-132\" src=\"http:\/\/www.iletisimofisi.com\/wp-content\/uploads\/2017\/09\/np-beyin-hastanesi-ref-logo-300x300.jpg\" alt=\"\" width=\"300\" height=\"300\" srcset=\"https:\/\/www.iletisimofisi.com\/wp-content\/uploads\/2017\/09\/np-beyin-hastanesi-ref-logo-300x300.jpg 300w, https:\/\/www.iletisimofisi.com\/wp-content\/uploads\/2017\/09\/np-beyin-hastanesi-ref-logo-150x150.jpg 150w, https:\/\/www.iletisimofisi.com\/wp-content\/uploads\/2017\/09\/np-beyin-hastanesi-ref-logo.jpg 500w\" sizes=\"(max-width: 300px) 100vw, 300px\" \/><\/a> <a href=\"http:\/\/www.iletisimofisi.com\/wp-content\/uploads\/2017\/09\/seger-korna-logo-ref.jpg\"><img decoding=\"async\" loading=\"lazy\" class=\"alignnone size-medium wp-image-183\" src=\"http:\/\/www.iletisimofisi.com\/wp-content\/uploads\/2017\/09\/seger-korna-logo-ref-300x300.jpg\" alt=\"\" width=\"300\" height=\"300\" srcset=\"https:\/\/www.iletisimofisi.com\/wp-content\/uploads\/2017\/09\/seger-korna-logo-ref-300x300.jpg 300w, https:\/\/www.iletisimofisi.com\/wp-content\/uploads\/2017\/09\/seger-korna-logo-ref-150x150.jpg 150w, https:\/\/www.iletisimofisi.com\/wp-content\/uploads\/2017\/09\/seger-korna-logo-ref.jpg 500w\" sizes=\"(max-width: 300px) 100vw, 300px\" \/><\/a><a href=\"http:\/\/www.iletisimofisi.com\/wp-content\/uploads\/2023\/02\/mutlu-aku-logo.jpg\"><img decoding=\"async\" loading=\"lazy\" class=\"alignnone size-full wp-image-692\" src=\"http:\/\/www.iletisimofisi.com\/wp-content\/uploads\/2023\/02\/mutlu-aku-logo.jpg\" alt=\"\" width=\"283\" height=\"178\" \/><\/a><a href=\"http:\/\/www.iletisimofisi.com\/wp-content\/uploads\/2023\/02\/1589182051_1571986799_AlchemLife_Logo.jpg\"><img decoding=\"async\" loading=\"lazy\" class=\"alignnone size-medium wp-image-694\" src=\"http:\/\/www.iletisimofisi.com\/wp-content\/uploads\/2023\/02\/1589182051_1571986799_AlchemLife_Logo-300x126.jpg\" alt=\"\" width=\"300\" height=\"126\" srcset=\"https:\/\/www.iletisimofisi.com\/wp-content\/uploads\/2023\/02\/1589182051_1571986799_AlchemLife_Logo-300x126.jpg 300w, https:\/\/www.iletisimofisi.com\/wp-content\/uploads\/2023\/02\/1589182051_1571986799_AlchemLife_Logo-1024x429.jpg 1024w, https:\/\/www.iletisimofisi.com\/wp-content\/uploads\/2023\/02\/1589182051_1571986799_AlchemLife_Logo-768x322.jpg 768w, https:\/\/www.iletisimofisi.com\/wp-content\/uploads\/2023\/02\/1589182051_1571986799_AlchemLife_Logo.jpg 1275w\" sizes=\"(max-width: 300px) 100vw, 300px\" \/><\/a><a href=\"http:\/\/www.iletisimofisi.com\/wp-content\/uploads\/2023\/02\/tab-1.png\"><img decoding=\"async\" loading=\"lazy\" class=\"alignnone size-medium wp-image-707\" src=\"http:\/\/www.iletisimofisi.com\/wp-content\/uploads\/2023\/02\/tab-1-300x65.png\" alt=\"\" width=\"300\" height=\"65\" srcset=\"https:\/\/www.iletisimofisi.com\/wp-content\/uploads\/2023\/02\/tab-1-300x65.png 300w, https:\/\/www.iletisimofisi.com\/wp-content\/uploads\/2023\/02\/tab-1.png 482w\" sizes=\"(max-width: 300px) 100vw, 300px\" \/><\/a><\/p>","protected":false},"excerpt":{"rendered":"<p>Sorry, this entry is only available in Turkish. For the sake of viewer convenience, the content is shown below in the alternative language. You may click the link to switch the active language.<\/p>\n","protected":false},"author":3,"featured_media":799,"parent":0,"menu_order":1,"comment_status":"closed","ping_status":"closed","template":"","meta":{"_exactmetrics_skip_tracking":false,"_exactmetrics_sitenote_active":false,"_exactmetrics_sitenote_note":"","_exactmetrics_sitenote_category":0},"aioseo_notices":[],"_links":{"self":[{"href":"https:\/\/www.iletisimofisi.com\/en\/wp-json\/wp\/v2\/pages\/609"}],"collection":[{"href":"https:\/\/www.iletisimofisi.com\/en\/wp-json\/wp\/v2\/pages"}],"about":[{"href":"https:\/\/www.iletisimofisi.com\/en\/wp-json\/wp\/v2\/types\/page"}],"author":[{"embeddable":true,"href":"https:\/\/www.iletisimofisi.com\/en\/wp-json\/wp\/v2\/users\/3"}],"replies":[{"embeddable":true,"href":"https:\/\/www.iletisimofisi.com\/en\/wp-json\/wp\/v2\/comments?post=609"}],"version-history":[{"count":1,"href":"https:\/\/www.iletisimofisi.com\/en\/wp-json\/wp\/v2\/pages\/609\/revisions"}],"predecessor-version":[{"id":610,"href":"https:\/\/www.iletisimofisi.com\/en\/wp-json\/wp\/v2\/pages\/609\/revisions\/610"}],"wp:featuredmedia":[{"embeddable":true,"href":"https:\/\/www.iletisimofisi.com\/en\/wp-json\/wp\/v2\/media\/799"}],"wp:attachment":[{"href":"https:\/\/www.iletisimofisi.com\/en\/wp-json\/wp\/v2\/media?parent=609"}],"curies":[{"name":"wp","href":"https:\/\/api.w.org\/{rel}","templated":true}]}}