{"id":56,"date":"2017-05-01T21:00:04","date_gmt":"2017-05-01T18:00:04","guid":{"rendered":"http:\/\/kogital.com\/clients\/iletisimofisi\/?page_id=56"},"modified":"2023-02-16T14:26:36","modified_gmt":"2023-02-16T11:26:36","slug":"nasil-ulasirsiniz","status":"publish","type":"page","link":"https:\/\/www.iletisimofisi.com\/en\/nasil-ulasirsiniz\/","title":{"rendered":"Contact Us"},"content":{"rendered":"<p>Merkez Mahallesi. Abide-i H\u00fcrriyet Caddesi. Ayka\u00e7 Plaza. No: 203 Kat: 1 D:6 Kat:2 \u015e\u0130\u015eL\u0130\u00a0\/ \u0130STANBUL<br \/>\nTel: 0 212 324 80 17 &#8211; 0 212 270 17 28<br \/>\nFaks: 0 212 279 81 52<br \/>\nE-mail: info@iletisimofisi.com<\/p>","protected":false},"excerpt":{"rendered":"<p>Fill in the form.<\/p>\n","protected":false},"author":1,"featured_media":713,"parent":0,"menu_order":0,"comment_status":"closed","ping_status":"closed","template":"","meta":{"_exactmetrics_skip_tracking":false,"_exactmetrics_sitenote_active":false,"_exactmetrics_sitenote_note":"","_exactmetrics_sitenote_category":0},"aioseo_notices":[],"_links":{"self":[{"href":"https:\/\/www.iletisimofisi.com\/en\/wp-json\/wp\/v2\/pages\/56"}],"collection":[{"href":"https:\/\/www.iletisimofisi.com\/en\/wp-json\/wp\/v2\/pages"}],"about":[{"href":"https:\/\/www.iletisimofisi.com\/en\/wp-json\/wp\/v2\/types\/page"}],"author":[{"embeddable":true,"href":"https:\/\/www.iletisimofisi.com\/en\/wp-json\/wp\/v2\/users\/1"}],"replies":[{"embeddable":true,"href":"https:\/\/www.iletisimofisi.com\/en\/wp-json\/wp\/v2\/comments?post=56"}],"version-history":[{"count":10,"href":"https:\/\/www.iletisimofisi.com\/en\/wp-json\/wp\/v2\/pages\/56\/revisions"}],"predecessor-version":[{"id":779,"href":"https:\/\/www.iletisimofisi.com\/en\/wp-json\/wp\/v2\/pages\/56\/revisions\/779"}],"wp:featuredmedia":[{"embeddable":true,"href":"https:\/\/www.iletisimofisi.com\/en\/wp-json\/wp\/v2\/media\/713"}],"wp:attachment":[{"href":"https:\/\/www.iletisimofisi.com\/en\/wp-json\/wp\/v2\/media?parent=56"}],"curies":[{"name":"wp","href":"https:\/\/api.w.org\/{rel}","templated":true}]}}