{"id":24,"date":"2017-05-01T20:17:56","date_gmt":"2017-05-01T17:17:56","guid":{"rendered":"http:\/\/kogital.com\/clients\/iletisimofisi\/?page_id=24"},"modified":"2023-02-15T17:19:08","modified_gmt":"2023-02-15T14:19:08","slug":"ekip","status":"publish","type":"page","link":"https:\/\/www.iletisimofisi.com\/en\/biz-kimiz\/ekip\/","title":{"rendered":"Team"},"content":{"rendered":"<p><a href=\"http:\/\/kogital.com\/clients\/iletisimofisi\/wp-content\/uploads\/2017\/05\/Biz-Kimiz_Belgin-G\u00fcven-foto.jpg\"><img decoding=\"async\" loading=\"lazy\" class=\"wp-image-83 alignnone\" src=\"http:\/\/kogital.com\/clients\/iletisimofisi\/wp-content\/uploads\/2017\/05\/Biz-Kimiz_Belgin-G\u00fcven-foto-215x300.jpg\" alt=\"\" width=\"118\" height=\"165\" srcset=\"https:\/\/www.iletisimofisi.com\/wp-content\/uploads\/2017\/05\/Biz-Kimiz_Belgin-G\u00fcven-foto-215x300.jpg 215w, https:\/\/www.iletisimofisi.com\/wp-content\/uploads\/2017\/05\/Biz-Kimiz_Belgin-G\u00fcven-foto.jpg 410w\" sizes=\"(max-width: 118px) 100vw, 118px\" \/><\/a><\/p>\n<p><strong>Belgin G\u00fcven<\/strong><br \/>\n24 years in PR<br \/>\n<strong>Worked for:<\/strong> Abdi \u0130brahim, As\/Nexia T\u00fcrkiye, AstraZeneca, Bayer, Bozlu Holding, Do\u011fu\u015fmotor\/Audi, ETRM (Enerji Ticareti ve Risk Y\u00f6netimi), Koleksiyon, Neolife T\u0131p Merkezi, Pizza Hut, Profilo, Samsung, Tiffany, TNT, Tofa\u015f, Volvo<\/p>\n<p>&nbsp;<\/p>\n<p><strong><a href=\"http:\/\/kogital.com\/clients\/iletisimofisi\/wp-content\/uploads\/2017\/05\/Biz-Kimiz_Nigar-Kalyoncu-foto-e1503916332803.jpg\"><img decoding=\"async\" loading=\"lazy\" class=\"size-full wp-image-84 alignnone\" src=\"http:\/\/kogital.com\/clients\/iletisimofisi\/wp-content\/uploads\/2017\/05\/Biz-Kimiz_Nigar-Kalyoncu-foto-e1503916332803.jpg\" alt=\"\" width=\"112\" height=\"147\" \/><\/a><\/strong><\/p>\n<p><strong>Nigar Kalyoncu<\/strong><br \/>\n20 years in PR<br \/>\n<strong>Worked for:<\/strong> Abdi \u0130brahim, AFM Sinemalar\u0131, AstraZeneca, Avon, BizimGaz (Worldgas), Bosch, BP, Coca Cola, DYO, Efes Pilsen, Efes Pilsen Gelecek Turizmde Projesi, Eti, Kraft Food, Perfetti Van Melle, Petrol Ofisi, Profilo, Siemens, TekstilBank, TURMEPA , Worldcard<\/p>\n<p>&nbsp;<\/p>\n<p><strong><a href=\"http:\/\/kogital.com\/clients\/iletisimofisi\/wp-content\/uploads\/2017\/05\/Biz-Kimiz_Yonetim_Canan-Mataraci-foto.png\"><img decoding=\"async\" loading=\"lazy\" class=\"wp-image-82 alignnone\" src=\"http:\/\/kogital.com\/clients\/iletisimofisi\/wp-content\/uploads\/2017\/05\/Biz-Kimiz_Yonetim_Canan-Mataraci-foto-300x300.png\" alt=\"\" width=\"107\" height=\"108\" srcset=\"https:\/\/www.iletisimofisi.com\/wp-content\/uploads\/2017\/05\/Biz-Kimiz_Yonetim_Canan-Mataraci-foto-300x300.png 300w, https:\/\/www.iletisimofisi.com\/wp-content\/uploads\/2017\/05\/Biz-Kimiz_Yonetim_Canan-Mataraci-foto-150x150.png 150w, https:\/\/www.iletisimofisi.com\/wp-content\/uploads\/2017\/05\/Biz-Kimiz_Yonetim_Canan-Mataraci-foto.png 502w\" sizes=\"(max-width: 107px) 100vw, 107px\" \/><\/a><\/strong><\/p>\n<p><strong>Canan Matarac\u0131<\/strong><br \/>\n20 years in PR<br \/>\n<strong>Worked for:<\/strong> Abdi \u0130brahim, Abn Amro Bank, Adidas, Aksigorta, AstraZeneca, British American Tobacco, Bosch, BP, Efes Pilsen, Eti, Gaggenau, Henkel, Intel, Kimberly Clark, Kempinski Hotel Barbaros Bay Bodrum Kraft, Lilly, Marshall, Mc Donalds, Microsoft, Nortel Neta\u015f, Profilo, PwC, Samsung, Sandoz, Siemens, Sony, T\u00fcrk Telekom, Universal Hastaneler Grubu.<\/p>","protected":false},"excerpt":{"rendered":"<p class=\"qtranxs-available-languages-message qtranxs-available-languages-message-en\">Sorry, this entry is only available in <a href=\"https:\/\/www.iletisimofisi.com\/tr\/wp-json\/wp\/v2\/pages\/24\" class=\"qtranxs-available-language-link qtranxs-available-language-link-tr\" title=\"Turkish\">Turkish<\/a>. For the sake of viewer convenience, the content is shown below in the alternative language. You may click the link to switch the active language.<\/p>\n<p>Kariyerine gazetecilik ile ba\u015flayan Belgin G\u00fcven, halkla ili\u015fkiler sekt\u00f6r\u00fcnde \u00f6nemli projelere imza atan Nigar Kalyoncu ve medya ili\u015fkileri y\u00f6netimi alan\u0131nda 20 y\u0131ll\u0131k deneyime sahip Canan Matarac\u0131&#8217;n\u0131n g\u00fc\u00e7 birli\u011fi ile \u00e7al\u0131\u015fmalar\u0131n\u0131 s\u00fcrd\u00fcren \u0130leti\u015fim Ofisi, i\u015fbirli\u011fi yapt\u0131\u011f\u0131 marka, kurum ve ki\u015filerin ileti\u015fim departman\u0131 gibi \u00e7al\u0131\u015f\u0131yor.<\/p>\n","protected":false},"author":1,"featured_media":99,"parent":17,"menu_order":2,"comment_status":"closed","ping_status":"closed","template":"","meta":{"_exactmetrics_skip_tracking":false,"_exactmetrics_sitenote_active":false,"_exactmetrics_sitenote_note":"","_exactmetrics_sitenote_category":0},"aioseo_notices":[],"_links":{"self":[{"href":"https:\/\/www.iletisimofisi.com\/en\/wp-json\/wp\/v2\/pages\/24"}],"collection":[{"href":"https:\/\/www.iletisimofisi.com\/en\/wp-json\/wp\/v2\/pages"}],"about":[{"href":"https:\/\/www.iletisimofisi.com\/en\/wp-json\/wp\/v2\/types\/page"}],"author":[{"embeddable":true,"href":"https:\/\/www.iletisimofisi.com\/en\/wp-json\/wp\/v2\/users\/1"}],"replies":[{"embeddable":true,"href":"https:\/\/www.iletisimofisi.com\/en\/wp-json\/wp\/v2\/comments?post=24"}],"version-history":[{"count":16,"href":"https:\/\/www.iletisimofisi.com\/en\/wp-json\/wp\/v2\/pages\/24\/revisions"}],"predecessor-version":[{"id":792,"href":"https:\/\/www.iletisimofisi.com\/en\/wp-json\/wp\/v2\/pages\/24\/revisions\/792"}],"up":[{"embeddable":true,"href":"https:\/\/www.iletisimofisi.com\/en\/wp-json\/wp\/v2\/pages\/17"}],"wp:featuredmedia":[{"embeddable":true,"href":"https:\/\/www.iletisimofisi.com\/en\/wp-json\/wp\/v2\/media\/99"}],"wp:attachment":[{"href":"https:\/\/www.iletisimofisi.com\/en\/wp-json\/wp\/v2\/media?parent=24"}],"curies":[{"name":"wp","href":"https:\/\/api.w.org\/{rel}","templated":true}]}}